{"id":29,"date":"2011-12-30T15:01:14","date_gmt":"2011-12-30T15:01:14","guid":{"rendered":"http:\/\/www.cmvida.org\/alicia\/?page_id=29"},"modified":"2012-01-13T22:50:23","modified_gmt":"2012-01-13T22:50:23","slug":"biografia","status":"publish","type":"page","link":"http:\/\/www.cmvida.org\/alicia\/?page_id=29","title":{"rendered":"Acerca de mi&#8230;"},"content":{"rendered":"<p>\u00a1Fan\u00e1tica de Jesucristo! \u00a1Pentecostal hasta los huesos!! Pero respetuosa de todos aquellos<\/p>\n<p>que no se identifican\u00a0con mi pensamiento.<\/p>\n<p>Es mi ferviente deseo ayudar a otras mujeres a encontrarse consigo mismas<\/p>\n<p>y lo m\u00e1s importante con Dios. Ayudarles a mejorar su autoestima,<\/p>\n<p>y que puedan creer que son importantes y \u00fanicas.<\/p>\n<p>Cristo revindic\u00f3 a la mujer, las religiones y el fundamentalismo,<\/p>\n<p>han hecho lo contrario<\/p>\n<p>&nbsp;<\/p>\n<p>Licenciada en Enfermer\u00eda por la Universidad de Chile, Diplomada en Salud familiar<\/p>\n<p>Diplomada en Educaci\u00f3n Superior Universitaria<\/p>\n<p>Candidata a Mag\u00edster en Gesti\u00f3n y Educaci\u00f3n Superior<\/p>\n<p>&nbsp;<\/p>\n<p>En mi blog encontrar\u00e1n temas relacionados con las acciones de Fomento<\/p>\n<p>Protecci\u00f3n, Recuperaci\u00f3n y rehabilitaci\u00f3n en Salud; complementado con los temas<\/p>\n<p>de Educaci\u00f3n que son las \u00e1reas de mi quehacer profesional y acad\u00e9micos.<\/p>\n","protected":false},"excerpt":{"rendered":"<p>\u00a1Fan\u00e1tica de Jesucristo! \u00a1Pentecostal hasta los huesos!! Pero respetuosa de todos aquellos que no se identifican\u00a0con mi pensamiento. Es mi ferviente deseo ayudar a otras mujeres a encontrarse consigo mismas y lo m\u00e1s importante con Dios. Ayudarles a mejorar su autoestima, y que puedan creer que son importantes y \u00fanicas. Cristo revindic\u00f3 a la mujer, [&hellip;]<\/p>\n","protected":false},"author":1,"featured_media":0,"parent":0,"menu_order":0,"comment_status":"open","ping_status":"open","template":"","meta":{"footnotes":""},"class_list":["post-29","page","type-page","status-publish","hentry"],"_links":{"self":[{"href":"http:\/\/www.cmvida.org\/alicia\/index.php?rest_route=\/wp\/v2\/pages\/29","targetHints":{"allow":["GET"]}}],"collection":[{"href":"http:\/\/www.cmvida.org\/alicia\/index.php?rest_route=\/wp\/v2\/pages"}],"about":[{"href":"http:\/\/www.cmvida.org\/alicia\/index.php?rest_route=\/wp\/v2\/types\/page"}],"author":[{"embeddable":true,"href":"http:\/\/www.cmvida.org\/alicia\/index.php?rest_route=\/wp\/v2\/users\/1"}],"replies":[{"embeddable":true,"href":"http:\/\/www.cmvida.org\/alicia\/index.php?rest_route=%2Fwp%2Fv2%2Fcomments&post=29"}],"version-history":[{"count":12,"href":"http:\/\/www.cmvida.org\/alicia\/index.php?rest_route=\/wp\/v2\/pages\/29\/revisions"}],"predecessor-version":[{"id":82,"href":"http:\/\/www.cmvida.org\/alicia\/index.php?rest_route=\/wp\/v2\/pages\/29\/revisions\/82"}],"wp:attachment":[{"href":"http:\/\/www.cmvida.org\/alicia\/index.php?rest_route=%2Fwp%2Fv2%2Fmedia&parent=29"}],"curies":[{"name":"wp","href":"https:\/\/api.w.org\/{rel}","templated":true}]}}